{"id":2,"date":"2025-04-01T17:29:40","date_gmt":"2025-04-01T10:29:40","guid":{"rendered":"https:\/\/www.demo.vietnamweb.asia\/?page_id=2"},"modified":"2025-04-03T12:30:01","modified_gmt":"2025-04-03T05:30:01","slug":"trang-chu","status":"publish","type":"page","link":"https:\/\/88nn789.pro\/","title":{"rendered":"88nn789 &#8211; \u0110\u0103ng nh\u1eadp ch\u00ednh th\u1ee9c 88NN | \u0110\u1ed5i v\u1ec1 23WIN"},"content":{"rendered":"<h2><span style=\"font-size: 110%; color: #f99b1c;\"><strong>TRANG CH\u1ee6 \u0110\u0102NG K\u00dd T\u1ea2I V\u1ec0 NH\u00c0 C\u00c1I 88NN<\/strong><\/span><\/h2>\n<p>Link trang t\u1ed5ng v\u00e0o 88nn789 Com ch\u00ednh th\u1ee9c c\u1eadp nh\u1eadt m\u1edbi nh\u1ea5t:<\/p>\n<div class=\"row row-small\"  id=\"row-482206306\">\n\n\t<div id=\"col-730551002\" class=\"col medium-4 small-12 large-4\"  >\n\t\t\t\t<div class=\"col-inner\"  >\n\t\t\t\n\t\t\t\n\t<div class=\"img has-hover x md-x lg-x y md-y lg-y\" id=\"image_646625589\">\n\t\t<a class=\"\" href=\"https:\/\/hubet68.run\/ww168\" >\t\t\t\t\t\t<div class=\"img-inner dark\" >\n\t\t\t<img loading=\"lazy\" decoding=\"async\" width=\"400\" height=\"188\" src=\"https:\/\/88nn789.pro\/wp-content\/uploads\/2025\/03\/dang-ky.webp\" class=\"attachment-original size-original\" alt=\"\u0110\u0103ng k\u00fd nh\u00e0 c\u00e1i\" srcset=\"https:\/\/88nn789.pro\/wp-content\/uploads\/2025\/03\/dang-ky.webp 400w, https:\/\/88nn789.pro\/wp-content\/uploads\/2025\/03\/dang-ky-300x141.webp 300w\" sizes=\"auto, (max-width: 400px) 100vw, 400px\" \/>\t\t\t\t\t\t\n\t\t\t\t\t<\/div>\n\t\t\t\t\t\t<\/a>\t\t\n<style>\n#image_646625589 {\n  width: 100%;\n}\n<\/style>\n\t<\/div>\n\t\n\t\t<\/div>\n\t\t\t\t\t<\/div>\n\n\t\n\n\t<div id=\"col-1860944155\" class=\"col medium-4 small-12 large-4\"  >\n\t\t\t\t<div class=\"col-inner\"  >\n\t\t\t\n\t\t\t\n\t<div class=\"img has-hover x md-x lg-x y md-y lg-y\" id=\"image_929376455\">\n\t\t<a class=\"\" href=\"https:\/\/hubet68.run\/ww168\" >\t\t\t\t\t\t<div class=\"img-inner dark\" >\n\t\t\t<img loading=\"lazy\" decoding=\"async\" width=\"400\" height=\"188\" src=\"https:\/\/88nn789.pro\/wp-content\/uploads\/2025\/03\/dang-nhap.webp\" class=\"attachment-original size-original\" alt=\"\u0110\u0103ng nh\u1eadp t\u1ea3i app\" srcset=\"https:\/\/88nn789.pro\/wp-content\/uploads\/2025\/03\/dang-nhap.webp 400w, https:\/\/88nn789.pro\/wp-content\/uploads\/2025\/03\/dang-nhap-300x141.webp 300w\" sizes=\"auto, (max-width: 400px) 100vw, 400px\" \/>\t\t\t\t\t\t\n\t\t\t\t\t<\/div>\n\t\t\t\t\t\t<\/a>\t\t\n<style>\n#image_929376455 {\n  width: 100%;\n}\n<\/style>\n\t<\/div>\n\t\n\t\t<\/div>\n\t\t\t\t\t<\/div>\n\n\t\n\n\t<div id=\"col-1632867125\" class=\"col medium-4 small-12 large-4\"  >\n\t\t\t\t<div class=\"col-inner\"  >\n\t\t\t\n\t\t\t\n\t<div class=\"img has-hover x md-x lg-x y md-y lg-y\" id=\"image_1865369833\">\n\t\t<a class=\"\" href=\"https:\/\/hubet68.run\/ww168\" >\t\t\t\t\t\t<div class=\"img-inner dark\" >\n\t\t\t<img loading=\"lazy\" decoding=\"async\" width=\"400\" height=\"188\" src=\"https:\/\/88nn789.pro\/wp-content\/uploads\/2025\/03\/khuyen-mai.webp\" class=\"attachment-original size-original\" alt=\"Khuy\u1ebfn m\u00e3i th\u00e0nh vi\u00ean\" srcset=\"https:\/\/88nn789.pro\/wp-content\/uploads\/2025\/03\/khuyen-mai.webp 400w, https:\/\/88nn789.pro\/wp-content\/uploads\/2025\/03\/khuyen-mai-300x141.webp 300w\" sizes=\"auto, (max-width: 400px) 100vw, 400px\" \/>\t\t\t\t\t\t\n\t\t\t\t\t<\/div>\n\t\t\t\t\t\t<\/a>\t\t\n<style>\n#image_1865369833 {\n  width: 100%;\n}\n<\/style>\n\t<\/div>\n\t\n\t\t<\/div>\n\t\t\t\t\t<\/div>\n\n\t\n<\/div>\n\t<div id=\"gap-181353594\" class=\"gap-element clearfix\" style=\"display:block; height:auto;\">\n\t\t\n<style>\n#gap-181353594 {\n  padding-top: 16px;\n}\n<\/style>\n\t<\/div>\n\t\n\t<div id=\"gap-383102897\" class=\"gap-element clearfix\" style=\"display:block; height:auto;\">\n\t\t\n<style>\n#gap-383102897 {\n  padding-top: 15px;\n}\n<\/style>\n\t<\/div>\n\t\n","protected":false},"excerpt":{"rendered":"<p>TRANG CH\u1ee6 \u0110\u0102NG K\u00dd T\u1ea2I V\u1ec0 NH\u00c0 C\u00c1I 88NN Link trang t\u1ed5ng v\u00e0o 88nn789 Com ch\u00ednh th\u1ee9c c\u1eadp nh\u1eadt m\u1edbi nh\u1ea5t:<\/p>\n","protected":false},"author":1,"featured_media":0,"parent":0,"menu_order":0,"comment_status":"closed","ping_status":"open","template":"page-right-sidebar.php","meta":{"footnotes":""},"class_list":["post-2","page","type-page","status-publish","hentry"],"_links":{"self":[{"href":"https:\/\/88nn789.pro\/index.php?rest_route=\/wp\/v2\/pages\/2","targetHints":{"allow":["GET"]}}],"collection":[{"href":"https:\/\/88nn789.pro\/index.php?rest_route=\/wp\/v2\/pages"}],"about":[{"href":"https:\/\/88nn789.pro\/index.php?rest_route=\/wp\/v2\/types\/page"}],"author":[{"embeddable":true,"href":"https:\/\/88nn789.pro\/index.php?rest_route=\/wp\/v2\/users\/1"}],"replies":[{"embeddable":true,"href":"https:\/\/88nn789.pro\/index.php?rest_route=%2Fwp%2Fv2%2Fcomments&post=2"}],"version-history":[{"count":56,"href":"https:\/\/88nn789.pro\/index.php?rest_route=\/wp\/v2\/pages\/2\/revisions"}],"predecessor-version":[{"id":652,"href":"https:\/\/88nn789.pro\/index.php?rest_route=\/wp\/v2\/pages\/2\/revisions\/652"}],"wp:attachment":[{"href":"https:\/\/88nn789.pro\/index.php?rest_route=%2Fwp%2Fv2%2Fmedia&parent=2"}],"curies":[{"name":"wp","href":"https:\/\/api.w.org\/{rel}","templated":true}]}}